{"id":24,"date":"2014-12-16T15:26:52","date_gmt":"2014-12-16T15:26:52","guid":{"rendered":"http:\/\/www.riedl-ludwig.at\/test\/?page_id=24"},"modified":"2020-03-11T09:54:19","modified_gmt":"2020-03-11T09:54:19","slug":"impressum","status":"publish","type":"page","link":"https:\/\/www.rlp.at\/?page_id=24","title":{"rendered":"Impressum, Datenschutzerkl\u00e4rung"},"content":{"rendered":"<p><strong>Riedl \u2013 Ludwig \u2013 Penzl Rechtsanw\u00e4lte GmbH<\/strong><\/p>\n<p>Bahnhofstra\u00dfe 44,<br \/>\n3350 Haag<\/p>\n<p>FN 424470x<br \/>\nLG St. P\u00f6lten<br \/>\nUID ATU73644005<\/p>\n<p>Telefon: 0 7434 \/ 424 74<br \/>\nFax: 0 74 34 \/ 424 74 &#8211; 20<\/p>\n<p>E-Mail: <a href=\"mailto:kanzlei@rlp.at\">kanzlei@rlp.at<br \/>\n<\/a>Internet: <a href=\"http:\/\/www.rlp.at\">www.rlp.at<\/a><\/p>\n<p><strong>Information lt. ECG:<br \/>\n<\/strong>Wir sind Rechtsanw\u00e4lte nach \u00f6sterreichischem Recht und unterliegen dem einschl\u00e4gigen Standesrecht (RAO, RL-BA), abrufbar unter <a href=\"http:\/\/www.oerak.at\/\">http:\/\/www.oerak.at<\/a>, sowie der Aufsicht der Rechtsanwaltskammer Nieder\u00f6sterreich, Andreas-Hofer-Stra\u00dfe 6, 3300 St. P\u00f6lten (<a href=\"http:\/\/www.raknoe.at\">www.raknoe.at<\/a>).<\/p>\n<h1><a href=\"http:\/\/www.rlp.at\/wp-content\/uploads\/2019\/07\/DS-Erkl\u00e4rung.pdf\">Datenschutzerkl\u00e4rung<\/a><\/h1>\n","protected":false},"excerpt":{"rendered":"<p>Riedl \u2013 Ludwig \u2013 Penzl Rechtsanw\u00e4lte GmbH Bahnhofstra\u00dfe 44, 3350 Haag FN 424470x LG St. P\u00f6lten UID ATU73644005 Telefon: 0 7434 \/ 424 74 Fax: 0 74 34 \/ 424 74 &#8211; 20 E-Mail: kanzlei@rlp.at Internet: www.rlp.at Information lt. ECG: Wir sind Rechtsanw\u00e4lte nach \u00f6sterreichischem Recht und unterliegen dem einschl\u00e4gigen Standesrecht (RAO, RL-BA), abrufbar unter [&hellip;]<\/p>\n","protected":false},"author":3,"featured_media":0,"parent":0,"menu_order":0,"comment_status":"closed","ping_status":"closed","template":"","meta":{"footnotes":""},"class_list":["post-24","page","type-page","status-publish","hentry"],"_links":{"self":[{"href":"https:\/\/www.rlp.at\/index.php?rest_route=\/wp\/v2\/pages\/24","targetHints":{"allow":["GET"]}}],"collection":[{"href":"https:\/\/www.rlp.at\/index.php?rest_route=\/wp\/v2\/pages"}],"about":[{"href":"https:\/\/www.rlp.at\/index.php?rest_route=\/wp\/v2\/types\/page"}],"author":[{"embeddable":true,"href":"https:\/\/www.rlp.at\/index.php?rest_route=\/wp\/v2\/users\/3"}],"replies":[{"embeddable":true,"href":"https:\/\/www.rlp.at\/index.php?rest_route=%2Fwp%2Fv2%2Fcomments&post=24"}],"version-history":[{"count":12,"href":"https:\/\/www.rlp.at\/index.php?rest_route=\/wp\/v2\/pages\/24\/revisions"}],"predecessor-version":[{"id":224,"href":"https:\/\/www.rlp.at\/index.php?rest_route=\/wp\/v2\/pages\/24\/revisions\/224"}],"wp:attachment":[{"href":"https:\/\/www.rlp.at\/index.php?rest_route=%2Fwp%2Fv2%2Fmedia&parent=24"}],"curies":[{"name":"wp","href":"https:\/\/api.w.org\/{rel}","templated":true}]}}