{"id":5,"date":"2014-11-24T08:25:11","date_gmt":"2014-11-24T08:25:11","guid":{"rendered":"http:\/\/www.rlp.at\/?page_id=5"},"modified":"2025-04-22T15:08:16","modified_gmt":"2025-04-22T15:08:16","slug":"beispiel-seite-2","status":"publish","type":"page","link":"https:\/\/www.rlp.at\/","title":{"rendered":"Kanzlei"},"content":{"rendered":"<p>Unsere Kanzlei wurde 1985 von <strong>Dr. Johannes RIEDL<\/strong> in Stadt Haag gegr\u00fcndet, in der Folge zusammen mit <strong>Dr. Gerold LUDWIG<\/strong> \u00fcber mehr als 3 Jahrzehnte hinweg etabliert und zuletzt im Jahr 2013 durch den Beitritt von <strong>Mag. Thomas PENZL<\/strong>, welcher zuvor in Ober\u00f6sterreich t\u00e4tig war, verst\u00e4rkt. Nunmehr ist auch <strong>Mag. Hans-J\u00fcrgen RIEDL<\/strong> (Sohn des Kanzleigr\u00fcnders) &#8211; seit 2019 als Rechtsanwaltsanw\u00e4rter, seit 2023 als Rechtsanwalt &#8211; in unserer Kanzlei t\u00e4tig. Wir sind im gesamten Bundesgebiet f\u00fcr unsere Klienten t\u00e4tig, schwerpunktm\u00e4\u00dfig aber in der Region Mostviertel \/ West-Nieder\u00f6sterreich sowie im Raum Linz und Steyr. Wir beraten vorwiegend \u00f6sterreichische Klein- und Mittelunternehmen (KMU) sowie Privatpersonen. Diesen bieten wir umfassende und kompetente Rechtsberatung im Straf- und Zivilrecht. Dies umfasst die Vertretung im streitigen und au\u00dferstreitigen Zivilrecht und im Strafverfahren ebenso, wie die Beratung in wirtschaftsrechtlichen Angelegenheiten sowie die Errichtung und Pr\u00fcfung von Vertr\u00e4gen und anderen Urkunden.<\/p>\n<p><a href=\"http:\/\/www.rlp.at\/wp-content\/uploads\/2015\/07\/Alle.jpg\"><img loading=\"lazy\" decoding=\"async\" class=\"aligncenter wp-image-164\" src=\"http:\/\/www.rlp.at\/wp-content\/uploads\/2015\/07\/Alle.jpg\" alt=\"Alle\" width=\"801\" height=\"534\" srcset=\"https:\/\/www.rlp.at\/wp-content\/uploads\/2015\/07\/Alle.jpg 1024w, https:\/\/www.rlp.at\/wp-content\/uploads\/2015\/07\/Alle-300x200.jpg 300w, https:\/\/www.rlp.at\/wp-content\/uploads\/2015\/07\/Alle-624x416.jpg 624w\" sizes=\"auto, (max-width: 801px) 100vw, 801px\" \/><\/a><\/p>\n<p>Schwerpunktm\u00e4\u00dfig beraten und vertreten wir u.a. auch in folgenden Rechtsbereichen:<\/p>\n<ul>\n<li><strong>Erb- und Familienrecht<\/strong> (insb. <strong>Ehescheidung<\/strong>, Trennung von Lebensgemeinschaften, Obsorge, Kontaktrecht, Unterhalt)<\/li>\n<li><strong>Gew\u00e4hrleistungs- und Haftungsrecht\u00a0<\/strong>(insb. auch Bauprozesse, Arzthaftung &#8211; insb. auf Seiten der \u00c4rzte)<\/li>\n<li><strong>Wirtschafts- und Unternehmensrecht<\/strong> (inkl. Arbeitsrecht)<\/li>\n<li><strong>Liegenschaftstransaktionen, Miet- und Wohnrecht<\/strong><\/li>\n<li><strong>Strafverteidigung<\/strong><\/li>\n<\/ul>\n","protected":false},"excerpt":{"rendered":"<p>Unsere Kanzlei wurde 1985 von Dr. Johannes RIEDL in Stadt Haag gegr\u00fcndet, in der Folge zusammen mit Dr. Gerold LUDWIG \u00fcber mehr als 3 Jahrzehnte hinweg etabliert und zuletzt im Jahr 2013 durch den Beitritt von Mag. Thomas PENZL, welcher zuvor in Ober\u00f6sterreich t\u00e4tig war, verst\u00e4rkt. Nunmehr ist auch Mag. Hans-J\u00fcrgen RIEDL (Sohn des Kanzleigr\u00fcnders) [&hellip;]<\/p>\n","protected":false},"author":3,"featured_media":0,"parent":0,"menu_order":0,"comment_status":"closed","ping_status":"closed","template":"","meta":{"footnotes":""},"class_list":["post-5","page","type-page","status-publish","hentry"],"_links":{"self":[{"href":"https:\/\/www.rlp.at\/index.php?rest_route=\/wp\/v2\/pages\/5","targetHints":{"allow":["GET"]}}],"collection":[{"href":"https:\/\/www.rlp.at\/index.php?rest_route=\/wp\/v2\/pages"}],"about":[{"href":"https:\/\/www.rlp.at\/index.php?rest_route=\/wp\/v2\/types\/page"}],"author":[{"embeddable":true,"href":"https:\/\/www.rlp.at\/index.php?rest_route=\/wp\/v2\/users\/3"}],"replies":[{"embeddable":true,"href":"https:\/\/www.rlp.at\/index.php?rest_route=%2Fwp%2Fv2%2Fcomments&post=5"}],"version-history":[{"count":45,"href":"https:\/\/www.rlp.at\/index.php?rest_route=\/wp\/v2\/pages\/5\/revisions"}],"predecessor-version":[{"id":361,"href":"https:\/\/www.rlp.at\/index.php?rest_route=\/wp\/v2\/pages\/5\/revisions\/361"}],"wp:attachment":[{"href":"https:\/\/www.rlp.at\/index.php?rest_route=%2Fwp%2Fv2%2Fmedia&parent=5"}],"curies":[{"name":"wp","href":"https:\/\/api.w.org\/{rel}","templated":true}]}}